{"id":597,"date":"2026-04-09T13:11:33","date_gmt":"2026-04-09T13:11:33","guid":{"rendered":"https:\/\/dev.iwigo.es\/newiwigo\/?page_id=597"},"modified":"2026-04-10T14:14:52","modified_gmt":"2026-04-10T14:14:52","slug":"politica-de-privacidad","status":"publish","type":"page","link":"https:\/\/dev.iwigo.es\/newiwigo\/politica-de-privacidad\/","title":{"rendered":"POL\u00cdTICA DE PRIVACIDAD"},"content":{"rendered":"\t\t<div data-elementor-type=\"wp-page\" data-elementor-id=\"597\" class=\"elementor elementor-597\" data-elementor-post-type=\"page\">\n\t\t\t\t<div class=\"elementor-element elementor-element-c308d67 e-flex e-con-boxed e-con e-parent\" data-id=\"c308d67\" data-element_type=\"container\" data-e-type=\"container\">\n\t\t\t\t\t<div class=\"e-con-inner\">\n\t\t\t\t<div class=\"elementor-element elementor-element-4d413c1 elementor-widget elementor-widget-html\" data-id=\"4d413c1\" data-element_type=\"widget\" data-e-type=\"widget\" data-widget_type=\"html.default\">\n\t\t\t\t\t<!DOCTYPE html>\r\n<html lang=\"es\">\r\n<head>\r\n  <meta charset=\"UTF-8\">\r\n  <meta name=\"viewport\" content=\"width=device-width, initial-scale=1.0\">\r\n  <title>Pol\u00edtica de Privacidad | Iwigo<\/title>\r\n  <meta name=\"description\" content=\"Pol\u00edtica de privacidad y protecci\u00f3n de datos de Iwigo conforme al RGPD y normativa aplicable.\">\r\n  <meta name=\"robots\" content=\"index,follow,max-snippet:-1,max-image-preview:large,max-video-preview:-1\">\r\n  <link rel=\"canonical\" href=\"https:\/\/iwigo.es\/politica-de-privacidad\/\">\r\n  <meta property=\"og:type\" content=\"website\">\r\n  <meta property=\"og:locale\" content=\"es_ES\">\r\n  <meta property=\"og:site_name\" content=\"Agencia IWIGO\">\r\n  <meta property=\"og:title\" content=\"Pol\u00edtica de Privacidad | Iwigo\">\r\n  <meta property=\"og:description\" content=\"Informaci\u00f3n sobre tratamiento de datos personales, derechos y seguridad en IWIGO.\">\r\n  <meta property=\"og:url\" content=\"https:\/\/iwigo.es\/politica-de-privacidad\/\">\r\n  <meta property=\"og:image\" content=\"https:\/\/iwigo.es\/wp-content\/uploads\/2026\/01\/IWIGO-1024x403.png\">\r\n  <meta name=\"twitter:card\" content=\"summary_large_image\">\r\n  <meta name=\"twitter:title\" content=\"Pol\u00edtica de Privacidad | Iwigo\">\r\n  <meta name=\"twitter:description\" content=\"Informaci\u00f3n sobre tratamiento de datos personales, derechos y seguridad en IWIGO.\">\r\n  <meta name=\"twitter:image\" content=\"https:\/\/iwigo.es\/wp-content\/uploads\/2026\/01\/IWIGO-1024x403.png\">\r\n  <link rel=\"stylesheet\" href=\"styles\/global.css\">\r\n  <link rel=\"stylesheet\" href=\"styles\/privacy-policy.css\">\r\n<\/head>\r\n<body>\r\n  <main class=\"privacy-page\" aria-labelledby=\"privacy-h\">\r\n    <div class=\"container\">\r\n      <header class=\"privacy-hero\">\r\n        <span class=\"privacy-hero__eyebrow\">Informaci\u00f3n legal<\/span>\r\n        <h1 class=\"privacy-hero__title\" id=\"privacy-h\">Pol\u00edtica de Privacidad<\/h1>\r\n        <p class=\"privacy-hero__meta\">Tratamiento y protecci\u00f3n de datos personales en IWIGO conforme a normativa espa\u00f1ola y europea.<\/p>\r\n      <\/header>\r\n\r\n      <article class=\"privacy-doc\">\r\n        <section class=\"privacy-block\" aria-labelledby=\"pb-1\">\r\n          <h2 class=\"privacy-block__title\" id=\"pb-1\">I. Pol\u00edtica de privacidad y protecci\u00f3n de datos<\/h2>\r\n\r\n          <section class=\"privacy-section\">\r\n            <h3>Leyes aplicables<\/h3>\r\n            <p>Esta pol\u00edtica se adapta a la normativa espa\u00f1ola y europea vigente en materia de protecci\u00f3n de datos personales. En particular, se aplica el Reglamento (UE) 2016\/679 (RGPD), la normativa nacional de protecci\u00f3n de datos y la Ley 34\/2002 de servicios de la sociedad de la informaci\u00f3n y comercio electr\u00f3nico (LSSI-CE).<\/p>\r\n          <\/section>\r\n\r\n          <section class=\"privacy-section\">\r\n            <h3>Identidad del responsable del tratamiento<\/h3>\r\n            <div class=\"privacy-card\">\r\n              <p><strong>Responsable:<\/strong> Marketing Digital B4B, S.L.<br><strong>NIF:<\/strong> B56278575<br><strong>Representante:<\/strong> Alejandro Yago Garcill\u00e1n (DNI 53603539S)<br><strong>Direcci\u00f3n:<\/strong> Avda. Arcadi Garc\u00eda Sanz, 19, Escalera 1, 3o puerta E, 12540 Vila-real, Castell\u00f3<br><strong>Tel\u00e9fono:<\/strong> 695 98 58 19<br><strong>Email:<\/strong> <a href=\"mailto:info@iwigo.es\">info@iwigo.es<\/a><\/p>\r\n            <\/div>\r\n          <\/section>\r\n\r\n          <section class=\"privacy-section\">\r\n            <h3>Finalidad y registro de datos<\/h3>\r\n            <p>Los datos personales facilitados a trav\u00e9s de los formularios del sitio se incorporan a ficheros automatizados bajo la responsabilidad del Responsable del tratamiento, con el fin de gestionar consultas, solicitudes de informaci\u00f3n y relaciones derivadas de la actividad del sitio web.<\/p>\r\n          <\/section>\r\n\r\n          <section class=\"privacy-section\">\r\n            <h3>Principios de tratamiento<\/h3>\r\n            <ul>\r\n              <li>Licitud, lealtad y transparencia.<\/li>\r\n              <li>Limitaci\u00f3n de la finalidad.<\/li>\r\n              <li>Minimizaci\u00f3n de datos.<\/li>\r\n              <li>Exactitud y actualizaci\u00f3n.<\/li>\r\n              <li>Limitaci\u00f3n del plazo de conservaci\u00f3n.<\/li>\r\n              <li>Integridad y confidencialidad.<\/li>\r\n              <li>Responsabilidad proactiva del responsable.<\/li>\r\n            <\/ul>\r\n          <\/section>\r\n\r\n          <section class=\"privacy-section\">\r\n            <h3>Categor\u00edas de datos y base legal<\/h3>\r\n            <p>Con car\u00e1cter general, se tratan datos identificativos. La base jur\u00eddica principal del tratamiento es el consentimiento expreso del usuario, que puede retirarse en cualquier momento.<\/p>\r\n          <\/section>\r\n\r\n          <section class=\"privacy-section\">\r\n            <h3>Plazo de conservaci\u00f3n<\/h3>\r\n            <p>Los datos se conservar\u00e1n durante el tiempo m\u00ednimo necesario para cumplir la finalidad para la que fueron recabados y, en todo caso, durante un plazo m\u00e1ximo de 5 a\u00f1os, salvo que el usuario solicite su supresi\u00f3n antes.<\/p>\r\n          <\/section>\r\n\r\n          <section class=\"privacy-section\">\r\n            <h3>Destinatarios y transferencias<\/h3>\r\n            <p>Los datos podr\u00e1n comunicarse a una gestor\u00eda laboral y fiscal con la que existe contrato de confidencialidad. En caso de transferencias internacionales, se informar\u00e1 al usuario de las garant\u00edas aplicables.<\/p>\r\n          <\/section>\r\n\r\n          <section class=\"privacy-section\">\r\n            <h3>Datos de menores<\/h3>\r\n            <p>Solo los mayores de 14 a\u00f1os pueden consentir v\u00e1lidamente el tratamiento de sus datos. Para menores de 14 a\u00f1os ser\u00e1 necesario el consentimiento de sus padres o tutores.<\/p>\r\n          <\/section>\r\n\r\n          <section class=\"privacy-section\">\r\n            <h3>Seguridad y confidencialidad<\/h3>\r\n            <p>IWIGO aplica medidas t\u00e9cnicas y organizativas adecuadas para proteger los datos personales frente a accesos no autorizados, p\u00e9rdida, alteraci\u00f3n o destrucci\u00f3n. Si se produjera una brecha de seguridad con alto riesgo para los derechos de las personas, se notificar\u00e1 sin dilaci\u00f3n indebida.<\/p>\r\n          <\/section>\r\n\r\n          <section class=\"privacy-section\">\r\n            <h3>Derechos del usuario<\/h3>\r\n            <p>El usuario puede ejercer los derechos de acceso, rectificaci\u00f3n, supresi\u00f3n, limitaci\u00f3n, portabilidad, oposici\u00f3n y a no ser objeto de decisiones automatizadas, mediante comunicaci\u00f3n escrita con referencia \u00abRGPD \u00b7 www.iwigo.es\u00bb.<\/p>\r\n            <ul>\r\n              <li>Identificaci\u00f3n del solicitante (y, en su caso, representante).<\/li>\r\n              <li>Petici\u00f3n concreta y documentaci\u00f3n acreditativa.<\/li>\r\n              <li>Domicilio a efectos de notificaciones, fecha y firma.<\/li>\r\n            <\/ul>\r\n            <p>Puedes enviar tu solicitud a la direcci\u00f3n postal indicada o al email <a href=\"mailto:info@iwigo.es\">info@iwigo.es<\/a>.<\/p>\r\n          <\/section>\r\n\r\n          <section class=\"privacy-section\">\r\n            <h3>Enlaces a terceros y reclamaciones<\/h3>\r\n            <p>El sitio puede incluir enlaces a webs de terceros, cuyas pol\u00edticas de privacidad son independientes. Si consideras que existe una infracci\u00f3n en materia de protecci\u00f3n de datos, puedes presentar reclamaci\u00f3n ante la Agencia Espa\u00f1ola de Protecci\u00f3n de Datos (<a href=\"https:\/\/www.aepd.es\" target=\"_blank\" rel=\"noopener\">www.aepd.es<\/a>).<\/p>\r\n          <\/section>\r\n        <\/section>\r\n\r\n        <section class=\"privacy-block\" aria-labelledby=\"pb-2\">\r\n          <h2 class=\"privacy-block__title\" id=\"pb-2\">II. Pol\u00edtica de cookies<\/h2>\r\n          <p>Para el funcionamiento del sitio se utilizan cookies de navegaci\u00f3n y anal\u00edtica. Estas permiten identificar sesiones, analizar uso de la web y mejorar la experiencia del usuario. Puedes obtener m\u00e1s detalle en nuestra p\u00e1gina espec\u00edfica de <a href=\"\/politica-cookies.html\">Pol\u00edtica de Cookies<\/a>.<\/p>\r\n          <p>El usuario puede configurar su navegador para bloquear o eliminar cookies. La desactivaci\u00f3n de cookies puede afectar al funcionamiento de algunos servicios del sitio.<\/p>\r\n        <\/section>\r\n\r\n        <section class=\"privacy-block\" aria-labelledby=\"pb-3\">\r\n          <h2 class=\"privacy-block__title\" id=\"pb-3\">III. Aceptaci\u00f3n y cambios<\/h2>\r\n          <p>El uso del sitio web implica la aceptaci\u00f3n de esta Pol\u00edtica de Privacidad y Cookies. IWIGO puede actualizar este contenido para adaptarlo a cambios normativos, criterios jurisprudenciales o directrices de la autoridad de control.<\/p>\r\n          <p class=\"privacy-note\">Texto adaptado y actualizado para su publicaci\u00f3n web en formato legible.<\/p>\r\n        <\/section>\r\n      <\/article>\r\n    <\/div>\r\n  <\/main>\r\n<\/body>\r\n<\/html>\t\t\t\t<\/div>\n\t\t\t\t\t<\/div>\n\t\t\t\t<\/div>\n\t\t\t\t<\/div>\n\t\t","protected":false},"excerpt":{"rendered":"<p>Pol\u00edtica de Privacidad | Iwigo Informaci\u00f3n legal Pol\u00edtica de Privacidad Tratamiento y protecci\u00f3n de datos personales en IWIGO conforme a normativa espa\u00f1ola y europea. I. Pol\u00edtica de privacidad y protecci\u00f3n de datos Leyes aplicables Esta pol\u00edtica se adapta a la normativa espa\u00f1ola y europea vigente en materia de protecci\u00f3n de datos personales. En particular, se [&hellip;]<\/p>\n","protected":false},"author":1,"featured_media":0,"parent":0,"menu_order":0,"comment_status":"closed","ping_status":"closed","template":"elementor_canvas","meta":{"footnotes":""},"class_list":["post-597","page","type-page","status-publish","hentry"],"_links":{"self":[{"href":"https:\/\/dev.iwigo.es\/newiwigo\/wp-json\/wp\/v2\/pages\/597","targetHints":{"allow":["GET"]}}],"collection":[{"href":"https:\/\/dev.iwigo.es\/newiwigo\/wp-json\/wp\/v2\/pages"}],"about":[{"href":"https:\/\/dev.iwigo.es\/newiwigo\/wp-json\/wp\/v2\/types\/page"}],"author":[{"embeddable":true,"href":"https:\/\/dev.iwigo.es\/newiwigo\/wp-json\/wp\/v2\/users\/1"}],"replies":[{"embeddable":true,"href":"https:\/\/dev.iwigo.es\/newiwigo\/wp-json\/wp\/v2\/comments?post=597"}],"version-history":[{"count":13,"href":"https:\/\/dev.iwigo.es\/newiwigo\/wp-json\/wp\/v2\/pages\/597\/revisions"}],"predecessor-version":[{"id":659,"href":"https:\/\/dev.iwigo.es\/newiwigo\/wp-json\/wp\/v2\/pages\/597\/revisions\/659"}],"wp:attachment":[{"href":"https:\/\/dev.iwigo.es\/newiwigo\/wp-json\/wp\/v2\/media?parent=597"}],"curies":[{"name":"wp","href":"https:\/\/api.w.org\/{rel}","templated":true}]}}